{"id":2126,"date":"2022-11-17T13:23:42","date_gmt":"2022-11-17T12:23:42","guid":{"rendered":"https:\/\/sped-thomas.at\/?page_id=2126"},"modified":"2023-02-06T11:50:39","modified_gmt":"2023-02-06T10:50:39","slug":"zoll","status":"publish","type":"page","link":"https:\/\/sped-thomas.at\/en\/zoll\/","title":{"rendered":"customs"},"content":{"rendered":"<div data-elementor-type=\"wp-page\" data-elementor-id=\"2126\" class=\"elementor elementor-2126\">\n\t\t\t\t\t\t<section class=\"elementor-section elementor-top-section elementor-element elementor-element-2fac425d elementor-section-boxed elementor-section-height-default elementor-section-height-default\" data-id=\"2fac425d\" data-element_type=\"section\" data-e-type=\"section\">\n\t\t\t\t\t\t<div class=\"elementor-container elementor-column-gap-extended\">\n\t\t\t\t\t<div class=\"elementor-column elementor-col-100 elementor-top-column elementor-element elementor-element-fd6790b\" data-id=\"fd6790b\" data-element_type=\"column\" data-e-type=\"column\">\n\t\t\t<div class=\"elementor-widget-wrap elementor-element-populated\">\n\t\t\t\t\t\t<div class=\"elementor-element elementor-element-23a57489 elementor-widget elementor-widget-text-editor\" data-id=\"23a57489\" data-element_type=\"widget\" data-e-type=\"widget\" data-widget_type=\"text-editor.default\">\n\t\t\t\t<div class=\"elementor-widget-container\">\n\t\t\t\t\t\t\t\t\t<p><strong>As soon as it comes to importing or exporting goods, there is no getting around customs. With the help of the expertise of our subsidiary A. Ferstl, we will be happy to handle all customs matters for you. <\/strong><\/p><p>In times of globalization as well as political changes, comprehensive expertise in the field of customs is indispensable for all importing and exporting companies. Since the takeover of A. Ferstl Speditionsges.m.b.H. at the beginning of 2019, we have a specialist on board who will bring your freight safely and reliably to its destination, taking all requirements into account.<\/p><p>Our customs specialists are in daily contact with customs authorities. They always keep track of the current guidelines and ensure that you always have the right paperwork ready for shipping your goods.<\/p>\t\t\t\t\t\t\t\t<\/div>\n\t\t\t\t<\/div>\n\t\t\t\t<section class=\"elementor-section elementor-inner-section elementor-element elementor-element-1858f5f8 elementor-section-boxed elementor-section-height-default elementor-section-height-default\" data-id=\"1858f5f8\" data-element_type=\"section\" data-e-type=\"section\">\n\t\t\t\t\t\t<div class=\"elementor-container elementor-column-gap-default\">\n\t\t\t\t\t<div class=\"elementor-column elementor-col-100 elementor-inner-column elementor-element elementor-element-594c6d23\" data-id=\"594c6d23\" data-element_type=\"column\" data-e-type=\"column\">\n\t\t\t<div class=\"elementor-widget-wrap elementor-element-populated\">\n\t\t\t\t\t\t<div class=\"elementor-element elementor-element-54054370 elementor-widget elementor-widget-text-editor\" data-id=\"54054370\" data-element_type=\"widget\" data-e-type=\"widget\" data-widget_type=\"text-editor.default\">\n\t\t\t\t<div class=\"elementor-widget-container\">\n\t\t\t\t\t\t\t\t\t<h5 style=\"margin-bottom: 16px;\">OUR SERVICE<\/h5><ul><li>Import and export customs clearance<\/li><li>T1\/T2\/T2L\/T2F<\/li><li>Carnet ATA\/TIR preparation or clearance<\/li><li>EUR1<\/li><li>ATR<\/li><li>Intrastat declarations<\/li><li>Customs warehouse<\/li><li>All matters with the customs authority<\/li><\/ul>\t\t\t\t\t\t\t\t<\/div>\n\t\t\t\t<\/div>\n\t\t\t\t\t<\/div>\n\t\t<\/div>\n\t\t\t\t\t<\/div>\n\t\t<\/section>\n\t\t\t\t<section class=\"elementor-section elementor-inner-section elementor-element elementor-element-d117dbc elementor-section-boxed elementor-section-height-default elementor-section-height-default\" data-id=\"d117dbc\" data-element_type=\"section\" data-e-type=\"section\">\n\t\t\t\t\t\t<div class=\"elementor-container elementor-column-gap-default\">\n\t\t\t\t\t<div class=\"elementor-column elementor-col-50 elementor-inner-column elementor-element elementor-element-e4ba3a2\" data-id=\"e4ba3a2\" data-element_type=\"column\" data-e-type=\"column\">\n\t\t\t<div class=\"elementor-widget-wrap elementor-element-populated\">\n\t\t\t\t\t\t<div class=\"elementor-element elementor-element-2709d4ed elementor-widget elementor-widget-text-editor\" data-id=\"2709d4ed\" data-element_type=\"widget\" data-e-type=\"widget\" data-widget_type=\"text-editor.default\">\n\t\t\t\t<div class=\"elementor-widget-container\">\n\t\t\t\t\t\t\t\t\t<p>In addition to handling customs activities, we also offer company and employee training. Our professionals analyze the customs-related processes in your company, answer your questions and accompany you on your way to becoming an approved exporter or an authorized economic operator (AEO).<\/p><p>You can find more information about our customs services and the latest customs news on the website of our subsidiary A. Ferstl.<\/p>\t\t\t\t\t\t\t\t<\/div>\n\t\t\t\t<\/div>\n\t\t\t\t\t<\/div>\n\t\t<\/div>\n\t\t\t\t<div class=\"elementor-column elementor-col-50 elementor-inner-column elementor-element elementor-element-707c561\" data-id=\"707c561\" data-element_type=\"column\" data-e-type=\"column\">\n\t\t\t<div class=\"elementor-widget-wrap\">\n\t\t\t\t\t\t\t<\/div>\n\t\t<\/div>\n\t\t\t\t\t<\/div>\n\t\t<\/section>\n\t\t\t\t<div class=\"elementor-element elementor-element-ef984fb elementor-widget elementor-widget-image\" data-id=\"ef984fb\" data-element_type=\"widget\" data-e-type=\"widget\" data-widget_type=\"image.default\">\n\t\t\t\t<div class=\"elementor-widget-container\">\n\t\t\t\t\t\t\t\t\t\t\t\t\t\t\t<img fetchpriority=\"high\" decoding=\"async\" width=\"300\" height=\"212\" src=\"https:\/\/sped-thomas.at\/wp-content\/uploads\/2022\/11\/Ferstl-ohneZusatz-RGB-300x212.png\" class=\"attachment-medium size-medium wp-image-2147\" alt=\"\" srcset=\"https:\/\/sped-thomas.at\/wp-content\/uploads\/2022\/11\/Ferstl-ohneZusatz-RGB-300x212.png 300w, https:\/\/sped-thomas.at\/wp-content\/uploads\/2022\/11\/Ferstl-ohneZusatz-RGB-1024x724.png 1024w, https:\/\/sped-thomas.at\/wp-content\/uploads\/2022\/11\/Ferstl-ohneZusatz-RGB-768x543.png 768w, https:\/\/sped-thomas.at\/wp-content\/uploads\/2022\/11\/Ferstl-ohneZusatz-RGB-1536x1086.png 1536w, https:\/\/sped-thomas.at\/wp-content\/uploads\/2022\/11\/Ferstl-ohneZusatz-RGB-2048x1448.png 2048w\" sizes=\"(max-width: 300px) 100vw, 300px\" \/>\t\t\t\t\t\t\t\t\t\t\t\t\t\t\t<\/div>\n\t\t\t\t<\/div>\n\t\t\t\t<div class=\"elementor-element elementor-element-d6050e1 elementor-widget elementor-widget-transx_button\" data-id=\"d6050e1\" data-element_type=\"widget\" data-e-type=\"widget\" data-widget_type=\"transx_button.default\">\n\t\t\t\t<div class=\"elementor-widget-container\">\n\t\t\t\t\t\n        <div class=\"transx_button_widget\">\n            <div class=\"transx_button_container\">\n                <a class=\"transx_button transx_button--primary\" href=\"https:\/\/spedition-ferstl.at\/\" target=\"_blank\">\n                    <span>Website<\/span>\n<!--                    <svg class=\"icon\">-->\n<!--                        <svg viewBox=\"0 0 150 78.6\" xmlns=\"http:\/\/www.w3.org\/2000\/svg\"><path d=\"M0 31.5h150v12.7H0V31.5zM112.8-.1l30.9 31.5-8.8 9L104 8.9l8.8-9zm18.1 51l-18.4 18.8 8.9 9 18.4-18.8-8.9-9z\"\/><\/svg>-->\n<!--                    <\/svg>-->\n                <\/a>\n            <\/div>\n        <\/div>\n        \t\t\t\t<\/div>\n\t\t\t\t<\/div>\n\t\t\t\t\t<\/div>\n\t\t<\/div>\n\t\t\t\t\t<\/div>\n\t\t<\/section>\n\t\t\t\t<section class=\"elementor-section elementor-top-section elementor-element elementor-element-60bb7159 elementor-section-stretched elementor-section-boxed elementor-section-height-default elementor-section-height-default\" data-id=\"60bb7159\" data-element_type=\"section\" data-e-type=\"section\" data-settings=\"{&quot;stretch_section&quot;:&quot;section-stretched&quot;,&quot;background_background&quot;:&quot;classic&quot;}\">\n\t\t\t\t\t\t\t<div class=\"elementor-background-overlay\"><\/div>\n\t\t\t\t\t\t\t<div class=\"elementor-container elementor-column-gap-default\">\n\t\t\t\t\t<div class=\"elementor-column elementor-col-100 elementor-top-column elementor-element elementor-element-6c8ae68\" data-id=\"6c8ae68\" data-element_type=\"column\" data-e-type=\"column\">\n\t\t\t<div class=\"elementor-widget-wrap elementor-element-populated\">\n\t\t\t\t\t\t<div class=\"elementor-element elementor-element-f7c99bb elementor-widget elementor-widget-transx_blog_slider\" data-id=\"f7c99bb\" data-element_type=\"widget\" data-e-type=\"widget\" data-widget_type=\"transx_blog_slider.default\">\n\t\t\t\t<div class=\"elementor-widget-container\">\n\t\t\t\t\t\n  <div class=\"transx_blog_carousel_widget\">\n    <div class=\"transx_blog_carousel_wrapper\">\n\n      <div class=\"row\">\n        <div class=\"col-xl-4\">\n                    <h2 class=\"transx_heading\">Our <br> <span>Projects<\/span><\/h2>\n\n                      <a class=\"transx_button\" href=\"https:\/\/sped-thomas.at\/en\/projekte\/\" >Read More<\/a>\n            \n          <div class=\"transx_causes_slider_navigation_container\">\n            <div class=\"transx_slider_arrows\"><\/div>\n          <\/div>\n        <\/div>\n\n        <div class=\"col-xl-8\">\n                    <div class=\"transx_offset_container\">\n            <div class=\"transx_offset_container_wrapper\">\n              \n              <div class=\"transx_blog_carousel transx_slider_slick\" data-slider-options=\"{&quot;pauseOnHover&quot;:true,&quot;autoplay&quot;:true,&quot;infinite&quot;:true,&quot;speed&quot;:500,&quot;rtl&quot;:false,&quot;autoplaySpeed&quot;:5000}\">\n                \n                  <a style=\"color: #122E5F;\" href=\"https:\/\/sped-thomas.at\/en\/singapore\/\" class=\"transx_blog_slider_item\">\n                    <div class=\"transx_blog_slider_item_wrapper\">\n                                              <div class=\"transx_blog_slider_image_cont\">\n                          <img decoding=\"async\" class=\"transx_img--bg\" src=\"https:\/\/sped-thomas.at\/wp-content\/uploads\/2022\/12\/kalender07-scaled-582x640.jpg\" alt=\"\"\/>\n\n                          <div class=\"transx_post_cat_cont\">\n                            <div class=\"transx_post_cat_wrapper\"><span  class=\"link link_text\">Projects<\/span><\/div>\n                          <\/div>\n                        <\/div>\n                        \n                      <div class=\"transx_blog_details_container\">\n                        <div class=\"transx_blog_slider_meta\">\n                          <span class=\"transx_blog_date\">28. December 2022<\/span>\n                          <span class=\"transx_separator\">\/<\/span>\n                          <span class=\"transx_blog_slider_author\">by Thomas Fr\u00fchauf<\/span>\n                        <\/div>\n\n                        <h5 class=\"transx_blog_title\">\n                          <div>Singapore<\/div>\n                        <\/h5>\n\n                        <p class=\"transx_blog_excerpt\">Just about 8.5m in diameter - from India to Singapore<\/p>\n                      <\/div>\n                    <\/div>\n                  <\/a>\n                  \n                  <a style=\"color: #122E5F;\" href=\"https:\/\/sped-thomas.at\/en\/marokko\/\" class=\"transx_blog_slider_item\">\n                    <div class=\"transx_blog_slider_item_wrapper\">\n                                              <div class=\"transx_blog_slider_image_cont\">\n                          <img decoding=\"async\" class=\"transx_img--bg\" src=\"https:\/\/sped-thomas.at\/wp-content\/uploads\/2022\/12\/Marokko1-582x640.jpeg\" alt=\"\"\/>\n\n                          <div class=\"transx_post_cat_cont\">\n                            <div class=\"transx_post_cat_wrapper\"><span  class=\"link link_text\">Projects<\/span><\/div>\n                          <\/div>\n                        <\/div>\n                        \n                      <div class=\"transx_blog_details_container\">\n                        <div class=\"transx_blog_slider_meta\">\n                          <span class=\"transx_blog_date\">14. December 2022<\/span>\n                          <span class=\"transx_separator\">\/<\/span>\n                          <span class=\"transx_blog_slider_author\">by katja.stopper<\/span>\n                        <\/div>\n\n                        <h5 class=\"transx_blog_title\">\n                          <div>Morocco<\/div>\n                        <\/h5>\n\n                        <p class=\"transx_blog_excerpt\">This project involved the transport of a flue gas cleaning plant from...<\/p>\n                      <\/div>\n                    <\/div>\n                  <\/a>\n                  \n                  <a style=\"color: #122E5F;\" href=\"https:\/\/sped-thomas.at\/en\/usa\/\" class=\"transx_blog_slider_item\">\n                    <div class=\"transx_blog_slider_item_wrapper\">\n                                              <div class=\"transx_blog_slider_image_cont\">\n                          <img decoding=\"async\" class=\"transx_img--bg\" src=\"https:\/\/sped-thomas.at\/wp-content\/uploads\/2022\/12\/Charterflugzeug_1-582x640.jpg\" alt=\"\"\/>\n\n                          <div class=\"transx_post_cat_cont\">\n                            <div class=\"transx_post_cat_wrapper\"><span  class=\"link link_text\">Projects<\/span><\/div>\n                          <\/div>\n                        <\/div>\n                        \n                      <div class=\"transx_blog_details_container\">\n                        <div class=\"transx_blog_slider_meta\">\n                          <span class=\"transx_blog_date\">7. December 2022<\/span>\n                          <span class=\"transx_separator\">\/<\/span>\n                          <span class=\"transx_blog_slider_author\">by katja.stopper<\/span>\n                        <\/div>\n\n                        <h5 class=\"transx_blog_title\">\n                          <div>USA<\/div>\n                        <\/h5>\n\n                        <p class=\"transx_blog_excerpt\">The transport of an assembly line for a rear axle gearbox was a very special project.<\/p>\n                      <\/div>\n                    <\/div>\n                  <\/a>\n                  \n                  <a style=\"color: #122E5F;\" href=\"https:\/\/sped-thomas.at\/en\/australien\/\" class=\"transx_blog_slider_item\">\n                    <div class=\"transx_blog_slider_item_wrapper\">\n                                              <div class=\"transx_blog_slider_image_cont\">\n                          <img decoding=\"async\" class=\"transx_img--bg\" src=\"https:\/\/sped-thomas.at\/wp-content\/uploads\/2022\/12\/DSCN9290-582x640.jpg\" alt=\"\"\/>\n\n                          <div class=\"transx_post_cat_cont\">\n                            <div class=\"transx_post_cat_wrapper\"><span  class=\"link link_text\">Projects<\/span><\/div>\n                          <\/div>\n                        <\/div>\n                        \n                      <div class=\"transx_blog_details_container\">\n                        <div class=\"transx_blog_slider_meta\">\n                          <span class=\"transx_blog_date\">1. December 2022<\/span>\n                          <span class=\"transx_separator\">\/<\/span>\n                          <span class=\"transx_blog_slider_author\">by katja.stopper<\/span>\n                        <\/div>\n\n                        <h5 class=\"transx_blog_title\">\n                          <div>AUSTRALIA<\/div>\n                        <\/h5>\n\n                        <p class=\"transx_blog_excerpt\">The transport of a glass recycling plant to Melbourne was an enormous project. <\/p>\n                      <\/div>\n                    <\/div>\n                  <\/a>\n                                <\/div>\n\n                          <\/div>\n          <\/div>\n                <\/div>\n      <\/div>\n    <\/div>\n  <\/div>\n  \t\t\t\t<\/div>\n\t\t\t\t<\/div>\n\t\t\t\t<div class=\"elementor-element elementor-element-8dd4f02 elementor-widget__width-initial elementor-absolute elementor-hidden-tablet elementor-hidden-phone elementor-widget elementor-widget-image\" data-id=\"8dd4f02\" data-element_type=\"widget\" data-e-type=\"widget\" data-settings=\"{&quot;_position&quot;:&quot;absolute&quot;}\" data-widget_type=\"image.default\">\n\t\t\t\t<div class=\"elementor-widget-container\">\n\t\t\t\t\t\t\t\t\t\t\t\t\t\t\t<img decoding=\"async\" src=\"https:\/\/demo.artureanec.com\/themes\/transx-new\/wp-content\/uploads\/2021\/06\/testimonials_img-1.png\" title=\"\" alt=\"\" loading=\"lazy\" \/>\t\t\t\t\t\t\t\t\t\t\t\t\t\t\t<\/div>\n\t\t\t\t<\/div>\n\t\t\t\t\t<\/div>\n\t\t<\/div>\n\t\t\t\t\t<\/div>\n\t\t<\/section>\n\t\t\t\t<\/div>","protected":false},"excerpt":{"rendered":"<p>Sobald es um den Import oder Export von Waren geht, kommt man am Zoll nicht vorbei. Mithilfe der Expertise unseres Tochterunternehmens A. Ferstl \u00fcbernehmen wir gerne die Abwicklung s\u00e4mtlicher Zollangelegenheiten f\u00fcr Sie. In Zeiten der Globalisierung sowie politischen Ver\u00e4nderungen ist eine umfassende Expertise im Bereich Zoll f\u00fcr alle importierenden und exportierenden Unternehmen unumg\u00e4nglich. Seit der [&hellip;]<\/p>\n","protected":false},"author":1,"featured_media":0,"parent":0,"menu_order":0,"comment_status":"closed","ping_status":"closed","template":"","meta":{"inline_featured_image":false,"footnotes":""},"class_list":["post-2126","page","type-page","status-publish","hentry"],"yoast_head":"<!-- This site is optimized with the Yoast SEO plugin v27.4 - https:\/\/yoast.com\/product\/yoast-seo-wordpress\/ -->\n<title>Zoll - Spedition Thomas<\/title>\n<meta name=\"robots\" content=\"index, follow, max-snippet:-1, max-image-preview:large, max-video-preview:-1\" \/>\n<link rel=\"canonical\" href=\"https:\/\/sped-thomas.at\/en\/zoll\/\" \/>\n<meta property=\"og:locale\" content=\"en_GB\" \/>\n<meta property=\"og:type\" content=\"article\" \/>\n<meta property=\"og:title\" content=\"Zoll - Spedition Thomas\" \/>\n<meta property=\"og:description\" content=\"Sobald es um den Import oder Export von Waren geht, kommt man am Zoll nicht vorbei. Mithilfe der Expertise unseres Tochterunternehmens A. Ferstl \u00fcbernehmen wir gerne die Abwicklung s\u00e4mtlicher Zollangelegenheiten f\u00fcr Sie. In Zeiten der Globalisierung sowie politischen Ver\u00e4nderungen ist eine umfassende Expertise im Bereich Zoll f\u00fcr alle importierenden und exportierenden Unternehmen unumg\u00e4nglich. Seit der [&hellip;]\" \/>\n<meta property=\"og:url\" content=\"https:\/\/sped-thomas.at\/en\/zoll\/\" \/>\n<meta property=\"og:site_name\" content=\"Spedition Thomas\" \/>\n<meta property=\"article:modified_time\" content=\"2023-02-06T10:50:39+00:00\" \/>\n<meta property=\"og:image\" content=\"https:\/\/sped-thomas.at\/wp-content\/uploads\/2022\/11\/Ferstl-ohneZusatz-RGB-300x212.png\" \/>\n<meta name=\"twitter:card\" content=\"summary_large_image\" \/>\n<meta name=\"twitter:label1\" content=\"Estimated reading time\" \/>\n\t<meta name=\"twitter:data1\" content=\"2 minutes\" \/>\n<script type=\"application\/ld+json\" class=\"yoast-schema-graph\">{\"@context\":\"https:\\\/\\\/schema.org\",\"@graph\":[{\"@type\":\"WebPage\",\"@id\":\"https:\\\/\\\/sped-thomas.at\\\/zoll\\\/\",\"url\":\"https:\\\/\\\/sped-thomas.at\\\/zoll\\\/\",\"name\":\"Zoll - Spedition Thomas\",\"isPartOf\":{\"@id\":\"https:\\\/\\\/sped-thomas.at\\\/#website\"},\"primaryImageOfPage\":{\"@id\":\"https:\\\/\\\/sped-thomas.at\\\/zoll\\\/#primaryimage\"},\"image\":{\"@id\":\"https:\\\/\\\/sped-thomas.at\\\/zoll\\\/#primaryimage\"},\"thumbnailUrl\":\"https:\\\/\\\/sped-thomas.at\\\/wp-content\\\/uploads\\\/2022\\\/11\\\/Ferstl-ohneZusatz-RGB-300x212.png\",\"datePublished\":\"2022-11-17T12:23:42+00:00\",\"dateModified\":\"2023-02-06T10:50:39+00:00\",\"breadcrumb\":{\"@id\":\"https:\\\/\\\/sped-thomas.at\\\/zoll\\\/#breadcrumb\"},\"inLanguage\":\"en-GB\",\"potentialAction\":[{\"@type\":\"ReadAction\",\"target\":[\"https:\\\/\\\/sped-thomas.at\\\/zoll\\\/\"]}]},{\"@type\":\"ImageObject\",\"inLanguage\":\"en-GB\",\"@id\":\"https:\\\/\\\/sped-thomas.at\\\/zoll\\\/#primaryimage\",\"url\":\"https:\\\/\\\/sped-thomas.at\\\/wp-content\\\/uploads\\\/2022\\\/11\\\/Ferstl-ohneZusatz-RGB-300x212.png\",\"contentUrl\":\"https:\\\/\\\/sped-thomas.at\\\/wp-content\\\/uploads\\\/2022\\\/11\\\/Ferstl-ohneZusatz-RGB-300x212.png\"},{\"@type\":\"BreadcrumbList\",\"@id\":\"https:\\\/\\\/sped-thomas.at\\\/zoll\\\/#breadcrumb\",\"itemListElement\":[{\"@type\":\"ListItem\",\"position\":1,\"name\":\"Startseite\",\"item\":\"https:\\\/\\\/sped-thomas.at\\\/\"},{\"@type\":\"ListItem\",\"position\":2,\"name\":\"Zoll\"}]},{\"@type\":\"WebSite\",\"@id\":\"https:\\\/\\\/sped-thomas.at\\\/#website\",\"url\":\"https:\\\/\\\/sped-thomas.at\\\/\",\"name\":\"Spedition Thomas\",\"description\":\"Spedition und Logistik Komplettdienstleister\",\"publisher\":{\"@id\":\"https:\\\/\\\/sped-thomas.at\\\/#organization\"},\"potentialAction\":[{\"@type\":\"SearchAction\",\"target\":{\"@type\":\"EntryPoint\",\"urlTemplate\":\"https:\\\/\\\/sped-thomas.at\\\/?s={search_term_string}\"},\"query-input\":{\"@type\":\"PropertyValueSpecification\",\"valueRequired\":true,\"valueName\":\"search_term_string\"}}],\"inLanguage\":\"en-GB\"},{\"@type\":\"Organization\",\"@id\":\"https:\\\/\\\/sped-thomas.at\\\/#organization\",\"name\":\"Spedition Thomas\",\"url\":\"https:\\\/\\\/sped-thomas.at\\\/\",\"logo\":{\"@type\":\"ImageObject\",\"inLanguage\":\"en-GB\",\"@id\":\"https:\\\/\\\/sped-thomas.at\\\/#\\\/schema\\\/logo\\\/image\\\/\",\"url\":\"https:\\\/\\\/sped-thomas.at\\\/wp-content\\\/uploads\\\/2022\\\/11\\\/ThomasSpedition-RGB.png\",\"contentUrl\":\"https:\\\/\\\/sped-thomas.at\\\/wp-content\\\/uploads\\\/2022\\\/11\\\/ThomasSpedition-RGB.png\",\"width\":3508,\"height\":2480,\"caption\":\"Spedition Thomas\"},\"image\":{\"@id\":\"https:\\\/\\\/sped-thomas.at\\\/#\\\/schema\\\/logo\\\/image\\\/\"}}]}<\/script>\n<!-- \/ Yoast SEO plugin. -->","yoast_head_json":{"title":"Zoll - Spedition Thomas","robots":{"index":"index","follow":"follow","max-snippet":"max-snippet:-1","max-image-preview":"max-image-preview:large","max-video-preview":"max-video-preview:-1"},"canonical":"https:\/\/sped-thomas.at\/en\/zoll\/","og_locale":"en_GB","og_type":"article","og_title":"Zoll - Spedition Thomas","og_description":"Sobald es um den Import oder Export von Waren geht, kommt man am Zoll nicht vorbei. Mithilfe der Expertise unseres Tochterunternehmens A. Ferstl \u00fcbernehmen wir gerne die Abwicklung s\u00e4mtlicher Zollangelegenheiten f\u00fcr Sie. In Zeiten der Globalisierung sowie politischen Ver\u00e4nderungen ist eine umfassende Expertise im Bereich Zoll f\u00fcr alle importierenden und exportierenden Unternehmen unumg\u00e4nglich. Seit der [&hellip;]","og_url":"https:\/\/sped-thomas.at\/en\/zoll\/","og_site_name":"Spedition Thomas","article_modified_time":"2023-02-06T10:50:39+00:00","og_image":[{"url":"https:\/\/sped-thomas.at\/wp-content\/uploads\/2022\/11\/Ferstl-ohneZusatz-RGB-300x212.png","type":"","width":"","height":""}],"twitter_card":"summary_large_image","twitter_misc":{"Estimated reading time":"2 minutes"},"schema":{"@context":"https:\/\/schema.org","@graph":[{"@type":"WebPage","@id":"https:\/\/sped-thomas.at\/zoll\/","url":"https:\/\/sped-thomas.at\/zoll\/","name":"Zoll - Spedition Thomas","isPartOf":{"@id":"https:\/\/sped-thomas.at\/#website"},"primaryImageOfPage":{"@id":"https:\/\/sped-thomas.at\/zoll\/#primaryimage"},"image":{"@id":"https:\/\/sped-thomas.at\/zoll\/#primaryimage"},"thumbnailUrl":"https:\/\/sped-thomas.at\/wp-content\/uploads\/2022\/11\/Ferstl-ohneZusatz-RGB-300x212.png","datePublished":"2022-11-17T12:23:42+00:00","dateModified":"2023-02-06T10:50:39+00:00","breadcrumb":{"@id":"https:\/\/sped-thomas.at\/zoll\/#breadcrumb"},"inLanguage":"en-GB","potentialAction":[{"@type":"ReadAction","target":["https:\/\/sped-thomas.at\/zoll\/"]}]},{"@type":"ImageObject","inLanguage":"en-GB","@id":"https:\/\/sped-thomas.at\/zoll\/#primaryimage","url":"https:\/\/sped-thomas.at\/wp-content\/uploads\/2022\/11\/Ferstl-ohneZusatz-RGB-300x212.png","contentUrl":"https:\/\/sped-thomas.at\/wp-content\/uploads\/2022\/11\/Ferstl-ohneZusatz-RGB-300x212.png"},{"@type":"BreadcrumbList","@id":"https:\/\/sped-thomas.at\/zoll\/#breadcrumb","itemListElement":[{"@type":"ListItem","position":1,"name":"Startseite","item":"https:\/\/sped-thomas.at\/"},{"@type":"ListItem","position":2,"name":"Zoll"}]},{"@type":"WebSite","@id":"https:\/\/sped-thomas.at\/#website","url":"https:\/\/sped-thomas.at\/","name":"Spedition \"Thomas\"","description":"Spedition und Logistik Komplettdienstleister","publisher":{"@id":"https:\/\/sped-thomas.at\/#organization"},"potentialAction":[{"@type":"SearchAction","target":{"@type":"EntryPoint","urlTemplate":"https:\/\/sped-thomas.at\/?s={search_term_string}"},"query-input":{"@type":"PropertyValueSpecification","valueRequired":true,"valueName":"search_term_string"}}],"inLanguage":"en-GB"},{"@type":"Organization","@id":"https:\/\/sped-thomas.at\/#organization","name":"Spedition \"Thomas\"","url":"https:\/\/sped-thomas.at\/","logo":{"@type":"ImageObject","inLanguage":"en-GB","@id":"https:\/\/sped-thomas.at\/#\/schema\/logo\/image\/","url":"https:\/\/sped-thomas.at\/wp-content\/uploads\/2022\/11\/ThomasSpedition-RGB.png","contentUrl":"https:\/\/sped-thomas.at\/wp-content\/uploads\/2022\/11\/ThomasSpedition-RGB.png","width":3508,"height":2480,"caption":"Spedition Thomas"},"image":{"@id":"https:\/\/sped-thomas.at\/#\/schema\/logo\/image\/"}}]}},"_links":{"self":[{"href":"https:\/\/sped-thomas.at\/en\/wp-json\/wp\/v2\/pages\/2126","targetHints":{"allow":["GET"]}}],"collection":[{"href":"https:\/\/sped-thomas.at\/en\/wp-json\/wp\/v2\/pages"}],"about":[{"href":"https:\/\/sped-thomas.at\/en\/wp-json\/wp\/v2\/types\/page"}],"author":[{"embeddable":true,"href":"https:\/\/sped-thomas.at\/en\/wp-json\/wp\/v2\/users\/1"}],"replies":[{"embeddable":true,"href":"https:\/\/sped-thomas.at\/en\/wp-json\/wp\/v2\/comments?post=2126"}],"version-history":[{"count":68,"href":"https:\/\/sped-thomas.at\/en\/wp-json\/wp\/v2\/pages\/2126\/revisions"}],"predecessor-version":[{"id":4712,"href":"https:\/\/sped-thomas.at\/en\/wp-json\/wp\/v2\/pages\/2126\/revisions\/4712"}],"wp:attachment":[{"href":"https:\/\/sped-thomas.at\/en\/wp-json\/wp\/v2\/media?parent=2126"}],"curies":[{"name":"wp","href":"https:\/\/api.w.org\/{rel}","templated":true}]}}