{"id":2640,"date":"2022-11-23T11:22:00","date_gmt":"2022-11-23T10:22:00","guid":{"rendered":"https:\/\/sped-thomas.at\/?page_id=2640"},"modified":"2024-04-09T14:30:56","modified_gmt":"2024-04-09T12:30:56","slug":"impressum","status":"publish","type":"page","link":"https:\/\/sped-thomas.at\/en\/impressum\/","title":{"rendered":"Imprint"},"content":{"rendered":"\t\t<div data-elementor-type=\"wp-page\" data-elementor-id=\"2640\" class=\"elementor elementor-2640\">\n\t\t\t\t\t\t<section class=\"elementor-section elementor-top-section elementor-element elementor-element-373ca442 elementor-section-boxed elementor-section-height-default elementor-section-height-default\" data-id=\"373ca442\" data-element_type=\"section\" data-e-type=\"section\">\n\t\t\t\t\t\t<div class=\"elementor-container elementor-column-gap-default\">\n\t\t\t\t\t<div class=\"elementor-column elementor-col-100 elementor-top-column elementor-element elementor-element-23888522\" data-id=\"23888522\" data-element_type=\"column\" data-e-type=\"column\">\n\t\t\t<div class=\"elementor-widget-wrap elementor-element-populated\">\n\t\t\t\t\t\t<div class=\"elementor-element elementor-element-2ae4bad0 elementor-widget elementor-widget-text-editor\" data-id=\"2ae4bad0\" data-element_type=\"widget\" data-e-type=\"widget\" data-widget_type=\"text-editor.default\">\n\t\t\t\t<div class=\"elementor-widget-container\">\n\t\t\t\t\t\t\t\t\t<p><\/p>\n<p>\u00a0<\/p>\n<p><\/p>\n<p><\/p>\n<div style=\"height: 100px;\" aria-hidden=\"true\">\u00a0<\/div>\n<p><\/p>\n<p><\/p>\n<h2 class=\"wp-block-heading\">Impressum<\/h2>\n<p><\/p>\n<p><\/p>\n<p><strong>\u00a9 2023 Spedition \u201cThomas\u201c GmbH<\/strong><\/p>\n<p><\/p>\n<p><\/p>\n<p>Wir arbeiten ausschlie\u00dflich aufgrund der\u00a0<a href=\"https:\/\/www.wko.at\/oe\/transport-verkehr\/spedition-logistik\/allgemeine-geschaeftsbedingungen\">\u201eAllgemeinen \u00d6sterreichischen Spediteurbedingungen (A\u00d6Sp)\u201c<\/a> in der aktuell geltenden und bei uns zur Einsicht aufliegenden, bzw. auf der Homepage der WKO zu findenden Fassung.<\/p>\n<p><\/p>\n<p><\/p>\n<p>Bitte beachten Sie Folgendes:<\/p>\n<p><\/p>\n<p><\/p>\n<p>Alle Rechte vorbehalten. Kein Teil dieser Website darf in irgendeiner Form und auf irgendwelche Weise vervielf\u00e4ltigt oder weitergegeben werden oder in ein Datenerhebungssystem eingebunden oder in irgendeiner sonstigen Weise gespeichert oder gesondert verf\u00fcgbar gemacht werden.<\/p>\n<p><\/p>\n<p><\/p>\n<p>S\u00e4mtliche Texte, Grafiken und Bilder sind urheberrechtlich gesch\u00fctzt; eine Verwendung ist nur mit ausdr\u00fccklicher Genehmigung der Spedition \u201cThomas\u201c GmbH zul\u00e4ssig.<\/p>\n<p><\/p>\n<p><\/p>\n<p>Jeglicher Inhalt der gesamten Website und ihrer Teile wurde unter Anwendung gr\u00f6\u00dftm\u00f6glicher Sorgfalt erstellt und \u00fcberwacht, jegliche Haftung bez\u00fcglich der Richtigkeit und Aktualit\u00e4t der enthaltenen Angaben ist jedoch ausgeschlossen.<\/p>\n<p><\/p>\n<p><\/p>\n<p>Eigene Links auf fremde Seiten stellen nur Wegweiser zu diesen Seiten dar; sie werden deshalb regelm\u00e4\u00dfig mittels externem Link in einem eigenen Browserfenster dargestellt. Die Spedition \u201cThomas\u201c identifiziert sich nicht mit dem Inhalt der Seiten, auf die gelinkt wird und \u00fcbernimmt daf\u00fcr keine Haftung. Sollte eine der Seiten, auf die gelinkt wird, bedenkliche oder rechtswidrige Inhalte aufweisen, wird um Mitteilung ersucht; in einem solchen Falle wird der Link sofort gel\u00f6scht.<\/p>\n<p><\/p>\n<p><\/p>\n<p>Links auf diese Website \u2013 auch auf Seiten in der Tiefe \u2013 sind erw\u00fcnscht. Eine \u00dcbernahme des Hauptfensters in ein Frame-Set des Linksetzers ist unzul\u00e4ssig.<\/p>\n<p><\/p>\n<p><\/p>\n<p>Urheberrechtshinweise und Markenbezeichnungen d\u00fcrfen weder ver\u00e4ndert noch beseitigt werden. Der Abruf und die Nutzung unserer Website darf nur in einer Art und Weise geschehen, die die Nutzung des Online-Angebots durch andere Besucher und Nutzer nicht beeintr\u00e4chtigt. Alle dar\u00fcber hinausgehende Handlungen im Zusammenhang mit unserer Internetpr\u00e4sentation bed\u00fcrfen unserer vorherigen schriftlichen Genehmigung.<\/p>\n<p><strong>Zugang zu gewerbe- oder berufsrechtlichen Vorschriften\u00a0<\/strong> <br \/>Etwaige spezielle berufsrechtliche Vorschriften finden Sie im Rechtsinformationssystem des Bundes unter http:\/\/www.ris.bka.gv.at.<\/p>\n<p><strong>Grundlegende Richtung der Website<\/strong><br \/>Diese Website stellt Informationen zu Produkten und Leistungen unseres Unternehmens dar.\u00a0<\/p>\n<p><\/p>\n<p><\/p>\n<p><strong>Keine Abmahnung ohne vorherigen Kontakt<\/strong><br \/>Sollte der Inhalt oder die Aufmachung dieser Seiten fremde Rechte Dritter oder gesetzliche Bestimmungen verletzen, so bitten wir um eine entsprechende Nachricht ohne Kostenaufwand in Rechnung zu stellen.<\/p>\n<p><\/p>\n<p><\/p>\n<p>Wir garantieren, dass die zu Recht beanstandeten Passagen unverz\u00fcglich entfernt werden, ohne dass von Ihrer Seite die Einschaltung eines Rechtsbeistandes erforderlich ist. Dennoch von Ihnen ohne vorherige Kontaktaufnahme ausgel\u00f6ste Kosten werden wir vollumf\u00e4nglich zur\u00fcckweisen und gegebenenfalls Gegenklage wegen Verletzung vorgenannter Bestimmungen einreichen.<\/p>\n<p><\/p>\n<p><\/p>\n<p><strong>Haftungsbeschr\u00e4nkung:<\/strong><br \/>Mit Ausnahme der Schadensersatzanspr\u00fcche wegen Fehlens zugesicherter Eigenschaften und solcher nach dem Produkthaftungsgesetz sind alle Schadensersatzanspr\u00fcche (z. B. aus Verschulden bei Vertragsverhandlungen, positiver Vertragsverletzung, unerlaubter Handlung) gegen uns ausgeschlossen, es sei denn, sie beruhen im Verh\u00e4ltnis zu Kaufleuten auf Vorsatz oder grober Fahrl\u00e4ssigkeit unserer gesetzlichen Vertreter oder unserer leitenden Angestellten, im \u00fcbrigen auch auf Vorsatz oder grober Fahrl\u00e4ssigkeit unserer Erf\u00fcllungs- und Verrichtungsgehilfen. Bei Verzug und Unm\u00f6glichkeit haften wir gegen\u00fcber Nicht-Kaufleuten auch bei Fahrl\u00e4ssigkeit, jedoch nur in H\u00f6he der Mehraufwendungen f\u00fcr einen Deckungskauf oder eine Ersatzvornahme. F\u00fcr die Verletzung wesentlicher Vertragspflichten (\u201eKardinalpflichten\u201c) haften wir auch bei einfacher Fahrl\u00e4ssigkeit unserer gesetzlichen Vertreter und leitenden Angestellten, jedoch begrenzt auf typische und vorhersehbare Sch\u00e4den.<\/p>\n<p><\/p>\n<p><\/p>\n<p>Soweit die Spedition \u201cThomas\u201c GmbH neben anderen als Gesamtschuldner haftet, haftet sie stets nur subsidi\u00e4r an letzter Stelle.<\/p>\n<p><\/p>\n<p><\/p>\n<p>F\u00fcr den Verlust von Daten haftet die Spedition \u201cThomas\u201c GmbH nur, soweit diese in anwendungsad\u00e4quaten Intervallen, mindestens jedoch einmal t\u00e4glich in maschinenlesbarer Form gesichert wurden.<\/p>\n<p><\/p>\n<p><\/p>\n<p>Die vorstehenden Haftungsbegrenzungen gelten auch zugunsten unserer gesetzlichen Vertreter, leitenden Angestellten und Erf\u00fcllungs- und Verrichtungsgehilfen.<\/p>\n<p><\/p>\n<p><\/p>\n<p>Es gilt \u00f6sterreichisches Recht; f\u00fcr s\u00e4mtliche Rechtsstreitigkeiten, die aufgrund des oder im Zusammenhang mit diesem Haftungssauschluss und\/oder mit irgendeinem Inhalt dieser Website entstehen, ist das Handelsgericht Graz\u00a0zust\u00e4ndig, sofern dem nicht zwingende Rechtsvorschriften entgegenstehen.<\/p>\n<p><strong>Unternehmensgegenstand<\/strong><br \/>Transport von G\u00fctern<\/p>\n<p><strong>Medieninhaber, Herausgeber und Verleger<\/strong><br \/>Spedition \u201cThomas\u201c GmbH<\/p>\n<p><\/p>\n<p><\/p>\n<p><strong>Fotos und Bildmaterial<br \/><\/strong>Spedition \u201cThomas\u201c<br \/><a href=\"http:\/\/www.df-fotografie.at\/\">Dagmar Fr\u00fchauf Fotografie<\/a><br \/><a href=\"http:\/\/de.fotolia.com\/\" target=\"_blank\" rel=\"noreferrer noopener\">Fotolia<\/a><br \/><a href=\"https:\/\/stock.adobe.com\/\">Adobe Stock<\/a><br \/><a href=\"https:\/\/www.iStock.com\/\">iStock<\/a><br \/><a href=\"https:\/\/www.pexels.com\/\">Pexels<\/a><\/p>\n<p><\/p>\n<p><\/p>\n<p>\u00a0<\/p>\n<p><\/p>\n<p><\/p>\n<p>Haben Sie Fragen oder Anregungen zu unserer Website? Wir freuen uns \u00fcber ein Feedback an:<\/p>\n<p><\/p>\n<p><\/p>\n<p>Spedition \u201cThomas\u201c GmbH<br \/>Gesch\u00e4ftsf\u00fchrung: Karl Fr\u00fchauf<br \/>Puchstrasse\u00a076<br \/>A 8020 Graz<br \/>\u00d6sterreich<br \/>email:\u00a0<a href=\"mailto:office@sped-thomas.at\">office[at]sped-thomas.at<\/a><\/p>\n<p><\/p>\n<p><\/p>\n<p>Sitz des Unternehmens: Graz<br \/>Firmenbuch: FN 48240t<br \/>Firmenbuchgericht: Landesgericht f\u00fcr ZRS Graz<br \/>UID-NR. ATU 28658609<\/p>\n<p><\/p>\n<p><\/p>\n<p><strong>Design, Konzeption<\/strong><br \/>Hartinger Consulting GmbH<br \/>R\u00f6merstra\u00dfe 18<br \/>8430 Kaindorf an der Sulm\/Leibnitz<br \/>\u00d6sterreich<br \/><a href=\"https:\/\/www.hartinger.at\" target=\"_blank\" rel=\"noreferrer noopener\">www.hartinger.at<\/a><br \/><a href=\"mailto:office@hartinger.at\" target=\"_blank\" rel=\"noreferrer noopener\">office@hartinger.at<\/a><\/p>\n<p><\/p>\n<p><\/p>\n<p><strong>Technische Umsetzung<\/strong><br \/>Sunlime IT Services GmbH<br \/>Dechant Thaller-Stra\u00dfe 39\/306<br \/>A-8430 Leibnitz<br \/><a href=\"http:\/\/www.sunlime.at\/\" target=\"_blank\" rel=\"noreferrer noopener\">www.sunlime.at<\/a><br \/><a href=\"mailto:office@sunlime.at\">office@sunlime.at<\/a><\/p>\n<p><\/p>\t\t\t\t\t\t\t\t<\/div>\n\t\t\t\t<\/div>\n\t\t\t\t\t<\/div>\n\t\t<\/div>\n\t\t\t\t\t<\/div>\n\t\t<\/section>\n\t\t\t\t<\/div>\n\t\t","protected":false},"excerpt":{"rendered":"<p>\u00a0 Impressum \u00a9 2023 Spedition \u201cThomas\u201c GmbH Wir arbeiten ausschlie\u00dflich aufgrund der\u00a0\u201eAllgemeinen \u00d6sterreichischen Spediteurbedingungen (A\u00d6Sp)\u201c in der aktuell geltenden und bei uns zur Einsicht aufliegenden, bzw. auf der Homepage der WKO zu findenden Fassung. Bitte beachten Sie Folgendes: Alle Rechte vorbehalten. Kein Teil dieser Website darf in irgendeiner Form und auf irgendwelche Weise vervielf\u00e4ltigt oder [&hellip;]<\/p>\n","protected":false},"author":1,"featured_media":0,"parent":0,"menu_order":0,"comment_status":"closed","ping_status":"closed","template":"","meta":{"inline_featured_image":false,"footnotes":""},"class_list":["post-2640","page","type-page","status-publish","hentry"],"yoast_head":"<!-- This site is optimized with the Yoast SEO plugin v27.3 - https:\/\/yoast.com\/product\/yoast-seo-wordpress\/ -->\n<title>Impressum - Spedition Thomas<\/title>\n<meta name=\"robots\" content=\"index, follow, max-snippet:-1, max-image-preview:large, max-video-preview:-1\" \/>\n<link rel=\"canonical\" href=\"https:\/\/sped-thomas.at\/en\/impressum\/\" \/>\n<meta property=\"og:locale\" content=\"en_GB\" \/>\n<meta property=\"og:type\" content=\"article\" \/>\n<meta property=\"og:title\" content=\"Impressum - Spedition Thomas\" \/>\n<meta property=\"og:description\" content=\"\u00a0 Impressum \u00a9 2023 Spedition \u201cThomas\u201c GmbH Wir arbeiten ausschlie\u00dflich aufgrund der\u00a0\u201eAllgemeinen \u00d6sterreichischen Spediteurbedingungen (A\u00d6Sp)\u201c in der aktuell geltenden und bei uns zur Einsicht aufliegenden, bzw. auf der Homepage der WKO zu findenden Fassung. Bitte beachten Sie Folgendes: Alle Rechte vorbehalten. Kein Teil dieser Website darf in irgendeiner Form und auf irgendwelche Weise vervielf\u00e4ltigt oder [&hellip;]\" \/>\n<meta property=\"og:url\" content=\"https:\/\/sped-thomas.at\/en\/impressum\/\" \/>\n<meta property=\"og:site_name\" content=\"Spedition Thomas\" \/>\n<meta property=\"article:modified_time\" content=\"2024-04-09T12:30:56+00:00\" \/>\n<meta name=\"twitter:card\" content=\"summary_large_image\" \/>\n<meta name=\"twitter:label1\" content=\"Estimated reading time\" \/>\n\t<meta name=\"twitter:data1\" content=\"4 minutes\" \/>\n<script type=\"application\/ld+json\" class=\"yoast-schema-graph\">{\"@context\":\"https:\\\/\\\/schema.org\",\"@graph\":[{\"@type\":\"WebPage\",\"@id\":\"https:\\\/\\\/sped-thomas.at\\\/impressum\\\/\",\"url\":\"https:\\\/\\\/sped-thomas.at\\\/impressum\\\/\",\"name\":\"Impressum - Spedition Thomas\",\"isPartOf\":{\"@id\":\"https:\\\/\\\/sped-thomas.at\\\/#website\"},\"datePublished\":\"2022-11-23T10:22:00+00:00\",\"dateModified\":\"2024-04-09T12:30:56+00:00\",\"breadcrumb\":{\"@id\":\"https:\\\/\\\/sped-thomas.at\\\/impressum\\\/#breadcrumb\"},\"inLanguage\":\"en-GB\",\"potentialAction\":[{\"@type\":\"ReadAction\",\"target\":[\"https:\\\/\\\/sped-thomas.at\\\/impressum\\\/\"]}]},{\"@type\":\"BreadcrumbList\",\"@id\":\"https:\\\/\\\/sped-thomas.at\\\/impressum\\\/#breadcrumb\",\"itemListElement\":[{\"@type\":\"ListItem\",\"position\":1,\"name\":\"Startseite\",\"item\":\"https:\\\/\\\/sped-thomas.at\\\/\"},{\"@type\":\"ListItem\",\"position\":2,\"name\":\"Impressum\"}]},{\"@type\":\"WebSite\",\"@id\":\"https:\\\/\\\/sped-thomas.at\\\/#website\",\"url\":\"https:\\\/\\\/sped-thomas.at\\\/\",\"name\":\"Spedition Thomas\",\"description\":\"Spedition und Logistik Komplettdienstleister\",\"publisher\":{\"@id\":\"https:\\\/\\\/sped-thomas.at\\\/#organization\"},\"potentialAction\":[{\"@type\":\"SearchAction\",\"target\":{\"@type\":\"EntryPoint\",\"urlTemplate\":\"https:\\\/\\\/sped-thomas.at\\\/?s={search_term_string}\"},\"query-input\":{\"@type\":\"PropertyValueSpecification\",\"valueRequired\":true,\"valueName\":\"search_term_string\"}}],\"inLanguage\":\"en-GB\"},{\"@type\":\"Organization\",\"@id\":\"https:\\\/\\\/sped-thomas.at\\\/#organization\",\"name\":\"Spedition Thomas\",\"url\":\"https:\\\/\\\/sped-thomas.at\\\/\",\"logo\":{\"@type\":\"ImageObject\",\"inLanguage\":\"en-GB\",\"@id\":\"https:\\\/\\\/sped-thomas.at\\\/#\\\/schema\\\/logo\\\/image\\\/\",\"url\":\"https:\\\/\\\/sped-thomas.at\\\/wp-content\\\/uploads\\\/2022\\\/11\\\/ThomasSpedition-RGB.png\",\"contentUrl\":\"https:\\\/\\\/sped-thomas.at\\\/wp-content\\\/uploads\\\/2022\\\/11\\\/ThomasSpedition-RGB.png\",\"width\":3508,\"height\":2480,\"caption\":\"Spedition Thomas\"},\"image\":{\"@id\":\"https:\\\/\\\/sped-thomas.at\\\/#\\\/schema\\\/logo\\\/image\\\/\"}}]}<\/script>\n<!-- \/ Yoast SEO plugin. -->","yoast_head_json":{"title":"Impressum - Spedition Thomas","robots":{"index":"index","follow":"follow","max-snippet":"max-snippet:-1","max-image-preview":"max-image-preview:large","max-video-preview":"max-video-preview:-1"},"canonical":"https:\/\/sped-thomas.at\/en\/impressum\/","og_locale":"en_GB","og_type":"article","og_title":"Impressum - Spedition Thomas","og_description":"\u00a0 Impressum \u00a9 2023 Spedition \u201cThomas\u201c GmbH Wir arbeiten ausschlie\u00dflich aufgrund der\u00a0\u201eAllgemeinen \u00d6sterreichischen Spediteurbedingungen (A\u00d6Sp)\u201c in der aktuell geltenden und bei uns zur Einsicht aufliegenden, bzw. auf der Homepage der WKO zu findenden Fassung. Bitte beachten Sie Folgendes: Alle Rechte vorbehalten. Kein Teil dieser Website darf in irgendeiner Form und auf irgendwelche Weise vervielf\u00e4ltigt oder [&hellip;]","og_url":"https:\/\/sped-thomas.at\/en\/impressum\/","og_site_name":"Spedition Thomas","article_modified_time":"2024-04-09T12:30:56+00:00","twitter_card":"summary_large_image","twitter_misc":{"Estimated reading time":"4 minutes"},"schema":{"@context":"https:\/\/schema.org","@graph":[{"@type":"WebPage","@id":"https:\/\/sped-thomas.at\/impressum\/","url":"https:\/\/sped-thomas.at\/impressum\/","name":"Impressum - Spedition Thomas","isPartOf":{"@id":"https:\/\/sped-thomas.at\/#website"},"datePublished":"2022-11-23T10:22:00+00:00","dateModified":"2024-04-09T12:30:56+00:00","breadcrumb":{"@id":"https:\/\/sped-thomas.at\/impressum\/#breadcrumb"},"inLanguage":"en-GB","potentialAction":[{"@type":"ReadAction","target":["https:\/\/sped-thomas.at\/impressum\/"]}]},{"@type":"BreadcrumbList","@id":"https:\/\/sped-thomas.at\/impressum\/#breadcrumb","itemListElement":[{"@type":"ListItem","position":1,"name":"Startseite","item":"https:\/\/sped-thomas.at\/"},{"@type":"ListItem","position":2,"name":"Impressum"}]},{"@type":"WebSite","@id":"https:\/\/sped-thomas.at\/#website","url":"https:\/\/sped-thomas.at\/","name":"Spedition \"Thomas\"","description":"Spedition und Logistik Komplettdienstleister","publisher":{"@id":"https:\/\/sped-thomas.at\/#organization"},"potentialAction":[{"@type":"SearchAction","target":{"@type":"EntryPoint","urlTemplate":"https:\/\/sped-thomas.at\/?s={search_term_string}"},"query-input":{"@type":"PropertyValueSpecification","valueRequired":true,"valueName":"search_term_string"}}],"inLanguage":"en-GB"},{"@type":"Organization","@id":"https:\/\/sped-thomas.at\/#organization","name":"Spedition \"Thomas\"","url":"https:\/\/sped-thomas.at\/","logo":{"@type":"ImageObject","inLanguage":"en-GB","@id":"https:\/\/sped-thomas.at\/#\/schema\/logo\/image\/","url":"https:\/\/sped-thomas.at\/wp-content\/uploads\/2022\/11\/ThomasSpedition-RGB.png","contentUrl":"https:\/\/sped-thomas.at\/wp-content\/uploads\/2022\/11\/ThomasSpedition-RGB.png","width":3508,"height":2480,"caption":"Spedition Thomas"},"image":{"@id":"https:\/\/sped-thomas.at\/#\/schema\/logo\/image\/"}}]}},"_links":{"self":[{"href":"https:\/\/sped-thomas.at\/en\/wp-json\/wp\/v2\/pages\/2640","targetHints":{"allow":["GET"]}}],"collection":[{"href":"https:\/\/sped-thomas.at\/en\/wp-json\/wp\/v2\/pages"}],"about":[{"href":"https:\/\/sped-thomas.at\/en\/wp-json\/wp\/v2\/types\/page"}],"author":[{"embeddable":true,"href":"https:\/\/sped-thomas.at\/en\/wp-json\/wp\/v2\/users\/1"}],"replies":[{"embeddable":true,"href":"https:\/\/sped-thomas.at\/en\/wp-json\/wp\/v2\/comments?post=2640"}],"version-history":[{"count":31,"href":"https:\/\/sped-thomas.at\/en\/wp-json\/wp\/v2\/pages\/2640\/revisions"}],"predecessor-version":[{"id":5213,"href":"https:\/\/sped-thomas.at\/en\/wp-json\/wp\/v2\/pages\/2640\/revisions\/5213"}],"wp:attachment":[{"href":"https:\/\/sped-thomas.at\/en\/wp-json\/wp\/v2\/media?parent=2640"}],"curies":[{"name":"wp","href":"https:\/\/api.w.org\/{rel}","templated":true}]}}