{"id":46,"date":"2021-06-16T15:55:10","date_gmt":"2021-06-16T15:55:10","guid":{"rendered":"https:\/\/demo.artureanec.com\/themes\/transx-new\/?page_id=46"},"modified":"2024-04-05T09:07:59","modified_gmt":"2024-04-05T07:07:59","slug":"jobs","status":"publish","type":"page","link":"https:\/\/sped-thomas.at\/en\/jobs\/","title":{"rendered":"Career"},"content":{"rendered":"<div data-elementor-type=\"wp-page\" data-elementor-id=\"46\" class=\"elementor elementor-46\">\n\t\t\t\t\t\t<section class=\"elementor-section elementor-top-section elementor-element elementor-element-172b572 elementor-section-boxed elementor-section-height-default elementor-section-height-default\" data-id=\"172b572\" data-element_type=\"section\" data-e-type=\"section\">\n\t\t\t\t\t\t<div class=\"elementor-container elementor-column-gap-default\">\n\t\t\t\t\t<div class=\"elementor-column elementor-col-50 elementor-top-column elementor-element elementor-element-3fb26fb2\" data-id=\"3fb26fb2\" data-element_type=\"column\" data-e-type=\"column\">\n\t\t\t<div class=\"elementor-widget-wrap elementor-element-populated\">\n\t\t\t\t\t\t<div class=\"elementor-element elementor-element-1b2cf36a elementor-widget elementor-widget-transx_heading\" data-id=\"1b2cf36a\" data-element_type=\"widget\" data-e-type=\"widget\" data-no-translation=\"\" data-widget_type=\"transx_heading.default\">\n\t\t\t\t<div class=\"elementor-widget-container\">\n\t\t\t\t\t<style>.elementor-element-1b2cf36a{display:none !important}<\/style>\t\t\t\t<\/div>\n\t\t\t\t<\/div>\n\t\t\t\t\t<\/div>\n\t\t<\/div>\n\t\t\t\t<div class=\"elementor-column elementor-col-50 elementor-top-column elementor-element elementor-element-626d7acc\" data-id=\"626d7acc\" data-element_type=\"column\" data-e-type=\"column\">\n\t\t\t<div class=\"elementor-widget-wrap elementor-element-populated\">\n\t\t\t\t\t\t<div class=\"elementor-element elementor-element-8f409fc elementor-widget elementor-widget-text-editor\" data-id=\"8f409fc\" data-element_type=\"widget\" data-e-type=\"widget\" data-widget_type=\"text-editor.default\">\n\t\t\t\t<div class=\"elementor-widget-container\">\n\t\t\t\t\t\t\t\t\t<p><b>Thank you for your interest in working for Spedition \u201cThomas\u201c.<\/b><\/p><p>Unfortunately there are currently no job vacancies or job openings available.<\/p><p>If you think you could help us anyway \u2013 feel free to contact us.<\/p>\t\t\t\t\t\t\t\t<\/div>\n\t\t\t\t<\/div>\n\t\t\t\t<div class=\"elementor-element elementor-element-4f1bb6c elementor-widget elementor-widget-transx_button\" data-id=\"4f1bb6c\" data-element_type=\"widget\" data-e-type=\"widget\" data-widget_type=\"transx_button.default\">\n\t\t\t\t<div class=\"elementor-widget-container\">\n\t\t\t\t\t\n        <div class=\"transx_button_widget\">\n            <div class=\"transx_button_container\">\n                <a class=\"transx_button transx_button--primary\" href=\"https:\/\/sped-thomas.at\/en\/ueber-uns\/\" >\n                    <span>More about us<\/span>\n<!--                    <svg class=\"icon\">-->\n<!--                        <svg viewBox=\"0 0 150 78.6\" xmlns=\"http:\/\/www.w3.org\/2000\/svg\"><path d=\"M0 31.5h150v12.7H0V31.5zM112.8-.1l30.9 31.5-8.8 9L104 8.9l8.8-9zm18.1 51l-18.4 18.8 8.9 9 18.4-18.8-8.9-9z\"\/><\/svg>-->\n<!--                    <\/svg>-->\n                <\/a>\n            <\/div>\n        <\/div>\n        \t\t\t\t<\/div>\n\t\t\t\t<\/div>\n\t\t\t\t\t<\/div>\n\t\t<\/div>\n\t\t\t\t\t<\/div>\n\t\t<\/section>\n\t\t\t\t<\/div>","protected":false},"excerpt":{"rendered":"<p>Dann werden Sie Teil unserer Erfolgsgeschichte! Wir sind seit \u00fcber 35 Jahren ein fixer Bestandteil in der \u00f6sterreichischen Speditionsbranche und haben uns \u00fcber die Jahre hinweg einen guten Namen gemacht. Die Basis f\u00fcr unseren Erfolg? Unsere Mitarbeiter:innen, die sich tagt\u00e4glich f\u00fcr uns und unsere Kunden ins Zeug legen. Angetrieben von gegenseitiger Unterst\u00fctzung und Zusammenhalt, kommen [&hellip;]<\/p>\n","protected":false},"author":1,"featured_media":3843,"parent":0,"menu_order":0,"comment_status":"closed","ping_status":"closed","template":"","meta":{"inline_featured_image":false,"footnotes":""},"class_list":["post-46","page","type-page","status-publish","has-post-thumbnail","hentry"],"yoast_head":"<!-- This site is optimized with the Yoast SEO plugin v27.4 - https:\/\/yoast.com\/product\/yoast-seo-wordpress\/ -->\n<title>Karriere - Spedition Thomas<\/title>\n<meta name=\"description\" content=\"Auf der Suche nach dem passenden Job? Kommen Sie ins Team der Spedition Thomas - seit 30 Jahren in der \u00f6sterreichischen Speditionsbranche!\" \/>\n<meta name=\"robots\" content=\"index, follow, max-snippet:-1, max-image-preview:large, max-video-preview:-1\" \/>\n<link rel=\"canonical\" href=\"https:\/\/sped-thomas.at\/en\/jobs\/\" \/>\n<meta property=\"og:locale\" content=\"en_GB\" \/>\n<meta property=\"og:type\" content=\"article\" \/>\n<meta property=\"og:title\" content=\"Karriere - Spedition Thomas\" \/>\n<meta property=\"og:description\" content=\"Auf der Suche nach dem passenden Job? Kommen Sie ins Team der Spedition Thomas - seit 30 Jahren in der \u00f6sterreichischen Speditionsbranche!\" \/>\n<meta property=\"og:url\" content=\"https:\/\/sped-thomas.at\/en\/jobs\/\" \/>\n<meta property=\"og:site_name\" content=\"Spedition Thomas\" \/>\n<meta property=\"article:modified_time\" content=\"2024-04-05T07:07:59+00:00\" \/>\n<meta property=\"og:image\" content=\"https:\/\/sped-thomas.at\/wp-content\/uploads\/2022\/12\/DFF_SpedThomas_00131-scaled-e1672341471749.jpg\" \/>\n\t<meta property=\"og:image:width\" content=\"1688\" \/>\n\t<meta property=\"og:image:height\" content=\"637\" \/>\n\t<meta property=\"og:image:type\" content=\"image\/jpeg\" \/>\n<meta name=\"twitter:card\" content=\"summary_large_image\" \/>\n<meta name=\"twitter:label1\" content=\"Estimated reading time\" \/>\n\t<meta name=\"twitter:data1\" content=\"3 minutes\" \/>\n<script type=\"application\/ld+json\" class=\"yoast-schema-graph\">{\"@context\":\"https:\\\/\\\/schema.org\",\"@graph\":[{\"@type\":\"WebPage\",\"@id\":\"https:\\\/\\\/sped-thomas.at\\\/jobs\\\/\",\"url\":\"https:\\\/\\\/sped-thomas.at\\\/jobs\\\/\",\"name\":\"Karriere - Spedition Thomas\",\"isPartOf\":{\"@id\":\"https:\\\/\\\/sped-thomas.at\\\/#website\"},\"primaryImageOfPage\":{\"@id\":\"https:\\\/\\\/sped-thomas.at\\\/jobs\\\/#primaryimage\"},\"image\":{\"@id\":\"https:\\\/\\\/sped-thomas.at\\\/jobs\\\/#primaryimage\"},\"thumbnailUrl\":\"https:\\\/\\\/sped-thomas.at\\\/wp-content\\\/uploads\\\/2022\\\/12\\\/DFF_SpedThomas_00131-scaled-e1672341471749.jpg\",\"datePublished\":\"2021-06-16T15:55:10+00:00\",\"dateModified\":\"2024-04-05T07:07:59+00:00\",\"description\":\"Auf der Suche nach dem passenden Job? Kommen Sie ins Team der Spedition Thomas - seit 30 Jahren in der \u00f6sterreichischen Speditionsbranche!\",\"breadcrumb\":{\"@id\":\"https:\\\/\\\/sped-thomas.at\\\/jobs\\\/#breadcrumb\"},\"inLanguage\":\"en-GB\",\"potentialAction\":[{\"@type\":\"ReadAction\",\"target\":[\"https:\\\/\\\/sped-thomas.at\\\/jobs\\\/\"]}]},{\"@type\":\"ImageObject\",\"inLanguage\":\"en-GB\",\"@id\":\"https:\\\/\\\/sped-thomas.at\\\/jobs\\\/#primaryimage\",\"url\":\"https:\\\/\\\/sped-thomas.at\\\/wp-content\\\/uploads\\\/2022\\\/12\\\/DFF_SpedThomas_00131-scaled-e1672341471749.jpg\",\"contentUrl\":\"https:\\\/\\\/sped-thomas.at\\\/wp-content\\\/uploads\\\/2022\\\/12\\\/DFF_SpedThomas_00131-scaled-e1672341471749.jpg\",\"width\":1688,\"height\":637},{\"@type\":\"BreadcrumbList\",\"@id\":\"https:\\\/\\\/sped-thomas.at\\\/jobs\\\/#breadcrumb\",\"itemListElement\":[{\"@type\":\"ListItem\",\"position\":1,\"name\":\"Startseite\",\"item\":\"https:\\\/\\\/sped-thomas.at\\\/\"},{\"@type\":\"ListItem\",\"position\":2,\"name\":\"Karriere\"}]},{\"@type\":\"WebSite\",\"@id\":\"https:\\\/\\\/sped-thomas.at\\\/#website\",\"url\":\"https:\\\/\\\/sped-thomas.at\\\/\",\"name\":\"Spedition Thomas\",\"description\":\"Spedition und Logistik Komplettdienstleister\",\"publisher\":{\"@id\":\"https:\\\/\\\/sped-thomas.at\\\/#organization\"},\"potentialAction\":[{\"@type\":\"SearchAction\",\"target\":{\"@type\":\"EntryPoint\",\"urlTemplate\":\"https:\\\/\\\/sped-thomas.at\\\/?s={search_term_string}\"},\"query-input\":{\"@type\":\"PropertyValueSpecification\",\"valueRequired\":true,\"valueName\":\"search_term_string\"}}],\"inLanguage\":\"en-GB\"},{\"@type\":\"Organization\",\"@id\":\"https:\\\/\\\/sped-thomas.at\\\/#organization\",\"name\":\"Spedition Thomas\",\"url\":\"https:\\\/\\\/sped-thomas.at\\\/\",\"logo\":{\"@type\":\"ImageObject\",\"inLanguage\":\"en-GB\",\"@id\":\"https:\\\/\\\/sped-thomas.at\\\/#\\\/schema\\\/logo\\\/image\\\/\",\"url\":\"https:\\\/\\\/sped-thomas.at\\\/wp-content\\\/uploads\\\/2022\\\/11\\\/ThomasSpedition-RGB.png\",\"contentUrl\":\"https:\\\/\\\/sped-thomas.at\\\/wp-content\\\/uploads\\\/2022\\\/11\\\/ThomasSpedition-RGB.png\",\"width\":3508,\"height\":2480,\"caption\":\"Spedition Thomas\"},\"image\":{\"@id\":\"https:\\\/\\\/sped-thomas.at\\\/#\\\/schema\\\/logo\\\/image\\\/\"}}]}<\/script>\n<!-- \/ Yoast SEO plugin. -->","yoast_head_json":{"title":"Karriere - Spedition Thomas","description":"Auf der Suche nach dem passenden Job? Kommen Sie ins Team der Spedition Thomas - seit 30 Jahren in der \u00f6sterreichischen Speditionsbranche!","robots":{"index":"index","follow":"follow","max-snippet":"max-snippet:-1","max-image-preview":"max-image-preview:large","max-video-preview":"max-video-preview:-1"},"canonical":"https:\/\/sped-thomas.at\/en\/jobs\/","og_locale":"en_GB","og_type":"article","og_title":"Karriere - Spedition Thomas","og_description":"Auf der Suche nach dem passenden Job? Kommen Sie ins Team der Spedition Thomas - seit 30 Jahren in der \u00f6sterreichischen Speditionsbranche!","og_url":"https:\/\/sped-thomas.at\/en\/jobs\/","og_site_name":"Spedition Thomas","article_modified_time":"2024-04-05T07:07:59+00:00","og_image":[{"width":1688,"height":637,"url":"https:\/\/sped-thomas.at\/wp-content\/uploads\/2022\/12\/DFF_SpedThomas_00131-scaled-e1672341471749.jpg","type":"image\/jpeg"}],"twitter_card":"summary_large_image","twitter_misc":{"Estimated reading time":"3 minutes"},"schema":{"@context":"https:\/\/schema.org","@graph":[{"@type":"WebPage","@id":"https:\/\/sped-thomas.at\/jobs\/","url":"https:\/\/sped-thomas.at\/jobs\/","name":"Karriere - Spedition Thomas","isPartOf":{"@id":"https:\/\/sped-thomas.at\/#website"},"primaryImageOfPage":{"@id":"https:\/\/sped-thomas.at\/jobs\/#primaryimage"},"image":{"@id":"https:\/\/sped-thomas.at\/jobs\/#primaryimage"},"thumbnailUrl":"https:\/\/sped-thomas.at\/wp-content\/uploads\/2022\/12\/DFF_SpedThomas_00131-scaled-e1672341471749.jpg","datePublished":"2021-06-16T15:55:10+00:00","dateModified":"2024-04-05T07:07:59+00:00","description":"Auf der Suche nach dem passenden Job? Kommen Sie ins Team der Spedition Thomas - seit 30 Jahren in der \u00f6sterreichischen Speditionsbranche!","breadcrumb":{"@id":"https:\/\/sped-thomas.at\/jobs\/#breadcrumb"},"inLanguage":"en-GB","potentialAction":[{"@type":"ReadAction","target":["https:\/\/sped-thomas.at\/jobs\/"]}]},{"@type":"ImageObject","inLanguage":"en-GB","@id":"https:\/\/sped-thomas.at\/jobs\/#primaryimage","url":"https:\/\/sped-thomas.at\/wp-content\/uploads\/2022\/12\/DFF_SpedThomas_00131-scaled-e1672341471749.jpg","contentUrl":"https:\/\/sped-thomas.at\/wp-content\/uploads\/2022\/12\/DFF_SpedThomas_00131-scaled-e1672341471749.jpg","width":1688,"height":637},{"@type":"BreadcrumbList","@id":"https:\/\/sped-thomas.at\/jobs\/#breadcrumb","itemListElement":[{"@type":"ListItem","position":1,"name":"Startseite","item":"https:\/\/sped-thomas.at\/"},{"@type":"ListItem","position":2,"name":"Karriere"}]},{"@type":"WebSite","@id":"https:\/\/sped-thomas.at\/#website","url":"https:\/\/sped-thomas.at\/","name":"Spedition \"Thomas\"","description":"Spedition und Logistik Komplettdienstleister","publisher":{"@id":"https:\/\/sped-thomas.at\/#organization"},"potentialAction":[{"@type":"SearchAction","target":{"@type":"EntryPoint","urlTemplate":"https:\/\/sped-thomas.at\/?s={search_term_string}"},"query-input":{"@type":"PropertyValueSpecification","valueRequired":true,"valueName":"search_term_string"}}],"inLanguage":"en-GB"},{"@type":"Organization","@id":"https:\/\/sped-thomas.at\/#organization","name":"Spedition \"Thomas\"","url":"https:\/\/sped-thomas.at\/","logo":{"@type":"ImageObject","inLanguage":"en-GB","@id":"https:\/\/sped-thomas.at\/#\/schema\/logo\/image\/","url":"https:\/\/sped-thomas.at\/wp-content\/uploads\/2022\/11\/ThomasSpedition-RGB.png","contentUrl":"https:\/\/sped-thomas.at\/wp-content\/uploads\/2022\/11\/ThomasSpedition-RGB.png","width":3508,"height":2480,"caption":"Spedition Thomas"},"image":{"@id":"https:\/\/sped-thomas.at\/#\/schema\/logo\/image\/"}}]}},"_links":{"self":[{"href":"https:\/\/sped-thomas.at\/en\/wp-json\/wp\/v2\/pages\/46","targetHints":{"allow":["GET"]}}],"collection":[{"href":"https:\/\/sped-thomas.at\/en\/wp-json\/wp\/v2\/pages"}],"about":[{"href":"https:\/\/sped-thomas.at\/en\/wp-json\/wp\/v2\/types\/page"}],"author":[{"embeddable":true,"href":"https:\/\/sped-thomas.at\/en\/wp-json\/wp\/v2\/users\/1"}],"replies":[{"embeddable":true,"href":"https:\/\/sped-thomas.at\/en\/wp-json\/wp\/v2\/comments?post=46"}],"version-history":[{"count":206,"href":"https:\/\/sped-thomas.at\/en\/wp-json\/wp\/v2\/pages\/46\/revisions"}],"predecessor-version":[{"id":5207,"href":"https:\/\/sped-thomas.at\/en\/wp-json\/wp\/v2\/pages\/46\/revisions\/5207"}],"wp:featuredmedia":[{"embeddable":true,"href":"https:\/\/sped-thomas.at\/en\/wp-json\/wp\/v2\/media\/3843"}],"wp:attachment":[{"href":"https:\/\/sped-thomas.at\/en\/wp-json\/wp\/v2\/media?parent=46"}],"curies":[{"name":"wp","href":"https:\/\/api.w.org\/{rel}","templated":true}]}}